{"id":118,"date":"2022-03-09T12:32:28","date_gmt":"2022-03-09T12:32:28","guid":{"rendered":"https:\/\/selectarentacar.com\/?page_id=118"},"modified":"2025-03-27T15:50:55","modified_gmt":"2025-03-27T13:50:55","slug":"terms-of-use","status":"publish","type":"page","link":"https:\/\/selectarentacar.com\/de\/terms-of-use\/","title":{"rendered":"Nutzungsbedingungen"},"content":{"rendered":"<div data-elementor-type=\"wp-page\" data-elementor-id=\"118\" class=\"elementor elementor-118\" data-elementor-post-type=\"page\">\n\t\t\t\t\t\t<section class=\"elementor-section elementor-top-section elementor-element elementor-element-aca74a3 elementor-section-boxed elementor-section-height-default elementor-section-height-default\" data-id=\"aca74a3\" data-element_type=\"section\" data-e-type=\"section\">\n\t\t\t\t\t\t<div class=\"elementor-container elementor-column-gap-default\">\n\t\t\t\t\t<div class=\"elementor-column elementor-col-100 elementor-top-column elementor-element elementor-element-31df7ec\" data-id=\"31df7ec\" data-element_type=\"column\" data-e-type=\"column\">\n\t\t\t<div class=\"elementor-widget-wrap elementor-element-populated\">\n\t\t\t\t\t\t<div data-dce-text-color=\"#000000\" class=\"elementor-element elementor-element-939aca1 elementor-widget elementor-widget-text-editor\" data-id=\"939aca1\" data-element_type=\"widget\" data-e-type=\"widget\" data-widget_type=\"text-editor.default\">\n\t\t\t\t<div class=\"elementor-widget-container\">\n\t\t\t\t\t\t\t\t\t<p>NUTZUNGSBEDINGUNGEN<\/p><p>The use of this website (hereinafter the &#8220;Website&#8221;) is subject to the following terms, which the visitor\/user must read carefully prior to visiting or using the Website and in case he\/she does not agree\u00a0 with the content, should not proceed with visit or use. Otherwise, the use of the Website shall constitute proof that the visitor\/user has accepted the present terms of use (hereinafter the \u201cTerms of Use\u201d or the \u201cTerms\u201d). Our company \u201cSelecta Group Single Member S.A.\u201d and\/or any other affiliated companies (hereinafter the &#8220;Company&#8221;) may revise and update these Terms of Use at any time and without notice. The visitors\/users are required to review the Website&#8217;s Terms of Use at regular basis, as its continuous use implies acceptance of any changes.<\/p><p>\u00a0<\/p><p><strong>Urheberrecht <\/strong><\/p><p class=\"translation-block\">Der gesamte Inhalt der Website, einschlie\u00dflich, aber nicht beschr\u00e4nkt auf Texte, Grafiken, Bilder, Fotografien usw. (im Folgenden der \"<strong>Inhalt<\/strong>\"), ist geistiges Eigentum des Unternehmens und ist durch geltendes nationales und EU-Recht gesch\u00fctzt, unter Ausschluss der ausdr\u00fccklich anerkannten Rechte Dritter. Folglich ist es ausdr\u00fccklich untersagt, den Inhalt ohne vorherige schriftliche Zustimmung\/Genehmigung des Unternehmens ganz oder teilweise zu kopieren, zu reproduzieren, zu verwenden, neu zu ver\u00f6ffentlichen, zu speichern, zu verkaufen, zu \u00fcbertragen, zu modifizieren oder allgemein zu verarbeiten. Das Unternehmen beh\u00e4lt sich alle Urheberrechte in Bezug auf die Inhalte und die darin erstellten Kopien vor.<\/p><p>Ausnahmsweise ist es gestattet, einzelne Teile des Inhalts auf einem einzigen PC f\u00fcr den rein pers\u00f6nlichen Gebrauch zu speichern und zu kopieren, ohne die Absicht einer kommerziellen oder sonstigen Verwertung und immer unter Angabe der Herkunftsquelle, ohne dass dies in irgendeiner Weise bedeutet, dass das Unternehmen seine geistigen Eigentumsrechte einr\u00e4umt. Alle anderen Produkte oder Dienstleistungen, die auf den Webseiten der Website enthalten sind und die Marken ihrer jeweiligen Unternehmen oder Einrichtungen tragen, sind geistiges Eigentum dieser Stellen, die ebenfalls die entsprechende Verantwortung tragen.<\/p><p>Falls der Besucher\/Nutzer weitere Fragen zu den Rechten zur Nutzung oder Vervielf\u00e4ltigung eines Teils des Inhalts hat oder wenn der Besucher\/Nutzer eine Verletzung der geistigen Eigentumsrechte des Unternehmens durch Dritte feststellt, wenden Sie sich bitte per E-Mail an das Unternehmen unter <a href=\"mailto:info@selecta-cars.com\">info@selecta-cars.com<\/a>..<\/p><p><strong>Haftungsbeschr\u00e4nkung<\/strong><\/p><p>Die Informationen auf der Website werden ohne M\u00e4ngelgew\u00e4hr und ohne jegliche ausdr\u00fcckliche oder stillschweigende Garantie zur Verf\u00fcgung gestellt. Unser Unternehmen kann die Informationen und den Inhalt der Website ohne vorherige Ank\u00fcndigung regelm\u00e4\u00dfig \u00e4ndern, verbessern oder aktualisieren. Das Unternehmen \u00fcbernimmt keine Haftung oder Verantwortung f\u00fcr Fehler oder Auslassungen im Inhalt der Website. Die Nutzung der Website erfolgt auf eigenes Risiko. Das Unternehmen \u00fcbernimmt keine Haftung f\u00fcr Sch\u00e4den, die dem Besucher\/Benutzer durch die Nutzung der Website entstehen. Das Unternehmen oder eine andere Partei, die an der Erstellung, Produktion oder Bereitstellung der Inhalte der Website beteiligt ist, haften unter keinen Umst\u00e4nden und unter keinen rechtlichen Grundlagen f\u00fcr indirekte, besondere, zuf\u00e4llige oder Folgesch\u00e4den jeglicher Art, die sich aus Ihrem Zugriff auf die Website oder deren Nutzung ergeben.<\/p><p>Wenn Sie auf der Website Links zu Websites verwenden, die nicht von unserem Unternehmen unterhalten werden, verlassen Sie <a href=\"https:\/\/selecta-cars.com\" target=\"_blank\" rel=\"noopener\">selecta-cars.com<\/a>. The linked sites are not under the control of our Company, and hence our Company is not responsible for the contents of any linked site or any link contained on a linked site. Our Company provides these links to you only for your convenience and the inclusion of any link does not imply recommendation, approval or endorsement of the relevant site by the Company.<\/p><p><strong>Anwendbares Recht und andere Bedingungen<\/strong><\/p><p>Die oben genannten Nutzungsbedingungen der Website und alle \u00c4nderungen daran unterliegen den Bestimmungen des griechischen Rechts sowie den einschl\u00e4gigen Bestimmungen des europ\u00e4ischen Rechts, sofern anwendbar. Sollte sich herausstellen, dass eine Bestimmung der oben genannten Bedingungen gegen den genannten Rechtsrahmen verst\u00f6\u00dft oder sich als nichtig oder nicht durchsetzbar erweist, wird diese Bestimmung abgetrennt, w\u00e4hrend alle anderen Bestimmungen in Kraft bleiben. \u00c4nderungen dieser Bedingungen werden nicht ber\u00fccksichtigt und gelten nicht, es sei denn, sie werden ausdr\u00fccklich schriftlich angegeben und in die genannten Bedingungen aufgenommen. Alle Streitigkeiten, die sich aus der Anwendung dieser Bedingungen der Website im Allgemeinen ergeben, werden von den Gerichten in Athen entschieden.<\/p><p><strong>\u00a0<\/strong><\/p><p><strong>Pflichten des Nutzers<\/strong><\/p><p>Der Besucher\/Nutzer der Website erkl\u00e4rt sich damit einverstanden, die Website nicht f\u00fcr folgende Zwecke zu nutzen:<\/p><ol><li>a) das Senden, Ver\u00f6ffentlichen, E-Mailen oder anderweitige \u00dcbertragen von Inhalten, die aus irgendeinem Grund rechtswidrig sind, das Unternehmen oder Dritte rechtswidrig verletzen und sch\u00e4digen oder die Privatsph\u00e4re oder Vertraulichkeit der Informationen einer Person verletzen;<\/li><li>b) das Senden, Ver\u00f6ffentlichen, Versenden von E-Mails oder das anderweitige \u00dcbermitteln von Inhalten, die gegen die Moral, die sozialen Werte, die Jugendlichkeit usw. versto\u00dfen;<\/li><li>c) das Senden, Ver\u00f6ffentlichen, Versenden von E-Mails oder das anderweitige \u00dcbermitteln von Inhalten, die Nutzer nach geltendem Recht oder \u00dcbereinkommen nicht \u00fcbermitteln d\u00fcrfen (z. B. Insiderinformationen, vertrauliche Informationen, die im Rahmen eines Arbeitsverh\u00e4ltnisses erworben oder offengelegt wurden oder unter Vertraulichkeitsvereinbarungen fallen usw.);<\/li><li>d) das Senden, Ver\u00f6ffentlichen, Versenden von E-Mails oder das anderweitige \u00dcbertragen von Inhalten, die Patente, Marken, Gesch\u00e4ftsgeheimnisse, Urheberrechte oder andere Eigentumsrechte Dritter verletzen;<\/li><li>e) Senden, Ver\u00f6ffentlichen, E-Mailen oder anderweitiges \u00dcbertragen von Software, die Softwareviren oder andere Codes, Dateien oder Programme enth\u00e4lt, die dazu bestimmt sind, Computersoftware oder -hardware zu unterbrechen, zu besch\u00e4digen, zu besch\u00e4digen oder zu unterbrechen;<\/li><li>f) vors\u00e4tzliche oder unabsichtliche Verletzung geltender Gesetze oder Vorschriften;<\/li><li>g) harassment of third parties in any way;<\/li><li>h) Sammeln oder Speichern personenbezogener Daten anderer Nutzer.<\/li><\/ol><p><strong>Personenbezogene Daten<\/strong><\/p><p>Die Verwaltung und der Schutz der personenbezogenen Daten des Besuchers\/Nutzers der Website unterliegen diesen Nutzungsbedingungen sowie den einschl\u00e4gigen Bestimmungen des nationalen und europ\u00e4ischen Rechts zum Schutz der betroffenen Person. Weitere Informationen finden Sie in unserer <u>Privacy Notice<\/u>.<\/p>\t\t\t\t\t\t\t\t<\/div>\n\t\t\t\t<\/div>\n\t\t\t\t\t<\/div>\n\t\t<\/div>\n\t\t\t\t\t<\/div>\n\t\t<\/section>\n\t\t\t\t<section class=\"elementor-section elementor-top-section elementor-element elementor-element-f347dea elementor-section-boxed elementor-section-height-default elementor-section-height-default\" data-id=\"f347dea\" data-element_type=\"section\" data-e-type=\"section\">\n\t\t\t\t\t\t<div class=\"elementor-container elementor-column-gap-default\">\n\t\t\t\t\t<div class=\"elementor-column elementor-col-100 elementor-top-column elementor-element elementor-element-dffdaf7\" data-id=\"dffdaf7\" data-element_type=\"column\" data-e-type=\"column\">\n\t\t\t<div class=\"elementor-widget-wrap\">\n\t\t\t\t\t\t\t<\/div>\n\t\t<\/div>\n\t\t\t\t\t<\/div>\n\t\t<\/section>\n\t\t\t\t<\/div>","protected":false},"excerpt":{"rendered":"<p>TERMS OF USE The use of this website (hereinafter the &#8220;Website&#8221;) is subject to the following terms, which the visitor\/user must read carefully prior to visiting or using the Website and in case he\/she does not agree\u00a0 with the content, should not proceed with visit or use. Otherwise, the use of the Website shall constitute [&hellip;]<\/p>\n","protected":false},"author":1,"featured_media":0,"parent":0,"menu_order":0,"comment_status":"closed","ping_status":"closed","template":"elementor_header_footer","meta":{"footnotes":""},"class_list":["post-118","page","type-page","status-publish","hentry"],"acf":[],"_links":{"self":[{"href":"https:\/\/selectarentacar.com\/de\/wp-json\/wp\/v2\/pages\/118","targetHints":{"allow":["GET"]}}],"collection":[{"href":"https:\/\/selectarentacar.com\/de\/wp-json\/wp\/v2\/pages"}],"about":[{"href":"https:\/\/selectarentacar.com\/de\/wp-json\/wp\/v2\/types\/page"}],"author":[{"embeddable":true,"href":"https:\/\/selectarentacar.com\/de\/wp-json\/wp\/v2\/users\/1"}],"replies":[{"embeddable":true,"href":"https:\/\/selectarentacar.com\/de\/wp-json\/wp\/v2\/comments?post=118"}],"version-history":[{"count":0,"href":"https:\/\/selectarentacar.com\/de\/wp-json\/wp\/v2\/pages\/118\/revisions"}],"wp:attachment":[{"href":"https:\/\/selectarentacar.com\/de\/wp-json\/wp\/v2\/media?parent=118"}],"curies":[{"name":"wp","href":"https:\/\/api.w.org\/{rel}","templated":true}]}}