{"id":2893,"date":"2024-07-03T12:12:19","date_gmt":"2024-07-03T12:12:19","guid":{"rendered":"https:\/\/selectarentacar.com\/?page_id=2893"},"modified":"2025-05-05T15:27:54","modified_gmt":"2025-05-05T12:27:54","slug":"our-company","status":"publish","type":"page","link":"https:\/\/selectarentacar.com\/de\/our-company\/","title":{"rendered":"Unser Unternehmen"},"content":{"rendered":"<div data-elementor-type=\"wp-page\" data-elementor-id=\"2893\" class=\"elementor elementor-2893\" data-elementor-post-type=\"page\">\n\t\t\t\t\t\t<section class=\"elementor-section elementor-top-section elementor-element elementor-element-66d8723 elementor-section-boxed elementor-section-height-default elementor-section-height-default\" data-id=\"66d8723\" data-element_type=\"section\" data-e-type=\"section\">\n\t\t\t\t\t\t<div class=\"elementor-container elementor-column-gap-default\">\n\t\t\t\t\t<div class=\"elementor-column elementor-col-100 elementor-top-column elementor-element elementor-element-b02a25a\" data-id=\"b02a25a\" data-element_type=\"column\" data-e-type=\"column\">\n\t\t\t<div class=\"elementor-widget-wrap elementor-element-populated\">\n\t\t\t\t\t\t<div data-dce-title-color=\"#000000\" class=\"elementor-element elementor-element-41fcafe elementor-widget elementor-widget-heading\" data-id=\"41fcafe\" data-element_type=\"widget\" data-e-type=\"widget\" data-widget_type=\"heading.default\">\n\t\t\t\t<div class=\"elementor-widget-container\">\n\t\t\t\t\t<h2 class=\"elementor-heading-title elementor-size-default\">Unser Unternehmen<\/h2>\t\t\t\t<\/div>\n\t\t\t\t<\/div>\n\t\t\t\t<div data-dce-title-color=\"#282828\" class=\"elementor-element elementor-element-45c3577 elementor-widget elementor-widget-heading\" data-id=\"45c3577\" data-element_type=\"widget\" data-e-type=\"widget\" data-settings=\"{&quot;_animation&quot;:&quot;none&quot;}\" data-widget_type=\"heading.default\">\n\t\t\t\t<div class=\"elementor-widget-container\">\n\t\t\t\t\t<h1 class=\"elementor-heading-title elementor-size-default\">Unser Unternehmen ist in allen beliebten Reisezielen t\u00e4tig, mit Stationen an Flugh\u00e4fen, Stadtzentren oder H\u00e4fen in mehr als <span style=\"color:#EC0000\">50 Regionen<\/span> Griechenlands. Wir bieten hochwertige Autodienste und eine Flotte von mehr als <span style=\"color:#EC0000\">3.000 Fahrzeugen.<\/span><\/h1>\t\t\t\t<\/div>\n\t\t\t\t<\/div>\n\t\t\t\t\t<\/div>\n\t\t<\/div>\n\t\t\t\t\t<\/div>\n\t\t<\/section>\n\t\t\t\t<section class=\"elementor-section elementor-top-section elementor-element elementor-element-0db8c0a elementor-section-boxed elementor-section-height-default elementor-section-height-default\" data-id=\"0db8c0a\" data-element_type=\"section\" data-e-type=\"section\">\n\t\t\t\t\t\t<div class=\"elementor-container elementor-column-gap-default\">\n\t\t\t\t\t<div class=\"elementor-column elementor-col-100 elementor-top-column elementor-element elementor-element-9871548\" data-id=\"9871548\" data-element_type=\"column\" data-e-type=\"column\">\n\t\t\t<div class=\"elementor-widget-wrap elementor-element-populated\">\n\t\t\t\t\t\t<div class=\"elementor-element elementor-element-d52c371 dce_masking-none elementor-widget elementor-widget-image\" data-id=\"d52c371\" data-element_type=\"widget\" data-e-type=\"widget\" data-widget_type=\"image.default\">\n\t\t\t\t<div class=\"elementor-widget-container\">\n\t\t\t\t\t\t\t\t\t\t\t\t\t\t\t<img fetchpriority=\"high\" decoding=\"async\" width=\"1920\" height=\"821\" src=\"https:\/\/selectarentacar.com\/wp-content\/uploads\/2024\/07\/selecta-company-new.jpg\" class=\"attachment-full size-full wp-image-2896\" alt=\"\" srcset=\"https:\/\/selectarentacar.com\/wp-content\/uploads\/2024\/07\/selecta-company-new.jpg 1920w, https:\/\/selectarentacar.com\/wp-content\/uploads\/2024\/07\/selecta-company-new-300x128.jpg 300w, https:\/\/selectarentacar.com\/wp-content\/uploads\/2024\/07\/selecta-company-new-1024x438.jpg 1024w, https:\/\/selectarentacar.com\/wp-content\/uploads\/2024\/07\/selecta-company-new-768x328.jpg 768w, https:\/\/selectarentacar.com\/wp-content\/uploads\/2024\/07\/selecta-company-new-1536x657.jpg 1536w, https:\/\/selectarentacar.com\/wp-content\/uploads\/2024\/07\/selecta-company-new-18x8.jpg 18w\" sizes=\"(max-width: 1920px) 100vw, 1920px\" \/>\t\t\t\t\t\t\t\t\t\t\t\t\t\t\t<\/div>\n\t\t\t\t<\/div>\n\t\t\t\t\t<\/div>\n\t\t<\/div>\n\t\t\t\t\t<\/div>\n\t\t<\/section>\n\t\t\t\t<section class=\"elementor-section elementor-top-section elementor-element elementor-element-c7cb110 elementor-section-boxed elementor-section-height-default elementor-section-height-default\" data-id=\"c7cb110\" data-element_type=\"section\" data-e-type=\"section\">\n\t\t\t\t\t\t<div class=\"elementor-container elementor-column-gap-default\">\n\t\t\t\t\t<div class=\"elementor-column elementor-col-100 elementor-top-column elementor-element elementor-element-2eec469\" data-id=\"2eec469\" data-element_type=\"column\" data-e-type=\"column\">\n\t\t\t<div class=\"elementor-widget-wrap elementor-element-populated\">\n\t\t\t\t\t\t<div data-dce-title-color=\"#000000\" class=\"elementor-element elementor-element-dc7a5c4 elementor-widget elementor-widget-heading\" data-id=\"dc7a5c4\" data-element_type=\"widget\" data-e-type=\"widget\" data-widget_type=\"heading.default\">\n\t\t\t\t<div class=\"elementor-widget-container\">\n\t\t\t\t\t<h2 class=\"elementor-heading-title elementor-size-default\">Unsere Mission<\/h2>\t\t\t\t<\/div>\n\t\t\t\t<\/div>\n\t\t\t\t<div data-dce-title-color=\"#282828\" class=\"elementor-element elementor-element-05ef9bf elementor-widget elementor-widget-heading\" data-id=\"05ef9bf\" data-element_type=\"widget\" data-e-type=\"widget\" data-settings=\"{&quot;_animation&quot;:&quot;none&quot;}\" data-widget_type=\"heading.default\">\n\t\t\t\t<div class=\"elementor-widget-container\">\n\t\t\t\t\t<h1 class=\"elementor-heading-title elementor-size-default\">Wir stehen unseren Kunden rund um die Uhr zur Seite und bieten L\u00f6sungen und Dienstleistungen, die ihre Erwartungen \u00fcbertreffen \u2013 \u201eDas richtige Auto zum richtigen Preis und am richtigen Ort\u201c.<\/h1>\t\t\t\t<\/div>\n\t\t\t\t<\/div>\n\t\t\t\t\t<\/div>\n\t\t<\/div>\n\t\t\t\t\t<\/div>\n\t\t<\/section>\n\t\t\t\t<section class=\"elementor-section elementor-top-section elementor-element elementor-element-7cd0c6a elementor-section-boxed elementor-section-height-default elementor-section-height-default\" data-id=\"7cd0c6a\" data-element_type=\"section\" data-e-type=\"section\">\n\t\t\t\t\t\t<div class=\"elementor-container elementor-column-gap-default\">\n\t\t\t\t\t<div class=\"elementor-column elementor-col-100 elementor-top-column elementor-element elementor-element-68fca46\" data-id=\"68fca46\" data-element_type=\"column\" data-e-type=\"column\">\n\t\t\t<div class=\"elementor-widget-wrap elementor-element-populated\">\n\t\t\t\t\t\t<div data-dce-title-color=\"#000000\" class=\"elementor-element elementor-element-e674ffe elementor-widget elementor-widget-heading\" data-id=\"e674ffe\" data-element_type=\"widget\" data-e-type=\"widget\" data-widget_type=\"heading.default\">\n\t\t\t\t<div class=\"elementor-widget-container\">\n\t\t\t\t\t<h2 class=\"elementor-heading-title elementor-size-default\">Unsere Werte<\/h2>\t\t\t\t<\/div>\n\t\t\t\t<\/div>\n\t\t\t\t<div data-dce-title-color=\"#282828\" class=\"elementor-element elementor-element-771c2ff elementor-widget elementor-widget-heading\" data-id=\"771c2ff\" data-element_type=\"widget\" data-e-type=\"widget\" data-settings=\"{&quot;_animation&quot;:&quot;none&quot;}\" data-widget_type=\"heading.default\">\n\t\t\t\t<div class=\"elementor-widget-container\">\n\t\t\t\t\t<h1 class=\"elementor-heading-title elementor-size-default\">Unser Engagement f\u00fcr ethisches Verhalten ist unser wichtigstes Gut. Integrit\u00e4t, Einfachheit, Unternehmertum und Teamarbeit sind unsere Kernwerte.<\/h1>\t\t\t\t<\/div>\n\t\t\t\t<\/div>\n\t\t\t\t\t<\/div>\n\t\t<\/div>\n\t\t\t\t\t<\/div>\n\t\t<\/section>\n\t\t\t\t<section class=\"elementor-section elementor-top-section elementor-element elementor-element-65e467e elementor-section-boxed elementor-section-height-default elementor-section-height-default\" data-id=\"65e467e\" data-element_type=\"section\" data-e-type=\"section\">\n\t\t\t\t\t\t<div class=\"elementor-container elementor-column-gap-default\">\n\t\t\t\t\t<div class=\"elementor-column elementor-col-100 elementor-top-column elementor-element elementor-element-82cdcc0\" data-id=\"82cdcc0\" data-element_type=\"column\" data-e-type=\"column\">\n\t\t\t<div class=\"elementor-widget-wrap elementor-element-populated\">\n\t\t\t\t\t\t<div data-dce-title-color=\"#000000\" class=\"elementor-element elementor-element-a52a1c8 elementor-widget elementor-widget-heading\" data-id=\"a52a1c8\" data-element_type=\"widget\" data-e-type=\"widget\" data-widget_type=\"heading.default\">\n\t\t\t\t<div class=\"elementor-widget-container\">\n\t\t\t\t\t<h2 class=\"elementor-heading-title elementor-size-default\">Unsere Vision<\/h2>\t\t\t\t<\/div>\n\t\t\t\t<\/div>\n\t\t\t\t<div data-dce-title-color=\"#282828\" class=\"elementor-element elementor-element-c4c7efc elementor-widget elementor-widget-heading\" data-id=\"c4c7efc\" data-element_type=\"widget\" data-e-type=\"widget\" data-settings=\"{&quot;_animation&quot;:&quot;none&quot;}\" data-widget_type=\"heading.default\">\n\t\t\t\t<div class=\"elementor-widget-container\">\n\t\t\t\t\t<h1 class=\"elementor-heading-title elementor-size-default\">Wir m\u00f6chten der zuverl\u00e4ssigeste Anbieter von Autovermietungen auf dem griechischen Markt werden. Wir verstehen die Bed\u00fcrfnisse der Kunden und sch\u00fctzen unsere Unternehmenspartner. Unsere Priorit\u00e4t ist die Kundenzufriedenheit.<\/h1>\t\t\t\t<\/div>\n\t\t\t\t<\/div>\n\t\t\t\t\t<\/div>\n\t\t<\/div>\n\t\t\t\t\t<\/div>\n\t\t<\/section>\n\t\t\t\t<section class=\"elementor-section elementor-top-section elementor-element elementor-element-e21f71d elementor-section-boxed elementor-section-height-default elementor-section-height-default\" data-id=\"e21f71d\" data-element_type=\"section\" data-e-type=\"section\">\n\t\t\t\t\t\t<div class=\"elementor-container elementor-column-gap-default\">\n\t\t\t\t\t<div data-dce-background-color=\"#EC0000\" class=\"elementor-column elementor-col-50 elementor-top-column elementor-element elementor-element-7c3838a\" data-id=\"7c3838a\" data-element_type=\"column\" data-e-type=\"column\" data-settings=\"{&quot;background_background&quot;:&quot;classic&quot;}\">\n\t\t\t<div class=\"elementor-widget-wrap elementor-element-populated\">\n\t\t\t\t\t\t<div class=\"elementor-element elementor-element-9f8c9a3 dce_masking-none elementor-widget elementor-widget-image\" data-id=\"9f8c9a3\" data-element_type=\"widget\" data-e-type=\"widget\" data-widget_type=\"image.default\">\n\t\t\t\t<div class=\"elementor-widget-container\">\n\t\t\t\t\t\t\t\t\t\t\t\t\t\t\t<img decoding=\"async\" width=\"2428\" height=\"1077\" src=\"https:\/\/selectarentacar.com\/wp-content\/uploads\/2022\/03\/Selecta_logo.png\" class=\"attachment-full size-full wp-image-44\" alt=\"\" srcset=\"https:\/\/selectarentacar.com\/wp-content\/uploads\/2022\/03\/Selecta_logo.png 2428w, https:\/\/selectarentacar.com\/wp-content\/uploads\/2022\/03\/Selecta_logo-600x266.png 600w, https:\/\/selectarentacar.com\/wp-content\/uploads\/2022\/03\/Selecta_logo-300x133.png 300w, https:\/\/selectarentacar.com\/wp-content\/uploads\/2022\/03\/Selecta_logo-1024x454.png 1024w, https:\/\/selectarentacar.com\/wp-content\/uploads\/2022\/03\/Selecta_logo-768x341.png 768w, https:\/\/selectarentacar.com\/wp-content\/uploads\/2022\/03\/Selecta_logo-1536x681.png 1536w, https:\/\/selectarentacar.com\/wp-content\/uploads\/2022\/03\/Selecta_logo-2048x908.png 2048w, https:\/\/selectarentacar.com\/wp-content\/uploads\/2022\/03\/Selecta_logo-1200x532.png 1200w, https:\/\/selectarentacar.com\/wp-content\/uploads\/2022\/03\/Selecta_logo-1980x878.png 1980w\" sizes=\"(max-width: 2428px) 100vw, 2428px\" \/>\t\t\t\t\t\t\t\t\t\t\t\t\t\t\t<\/div>\n\t\t\t\t<\/div>\n\t\t\t\t\t<\/div>\n\t\t<\/div>\n\t\t\t\t<div data-dce-background-color=\"#ECECEC\" class=\"elementor-column elementor-col-50 elementor-top-column elementor-element elementor-element-53e1d22\" data-id=\"53e1d22\" data-element_type=\"column\" data-e-type=\"column\" data-settings=\"{&quot;background_background&quot;:&quot;classic&quot;}\">\n\t\t\t<div class=\"elementor-widget-wrap elementor-element-populated\">\n\t\t\t\t\t\t<div data-dce-title-color=\"#000000\" class=\"elementor-element elementor-element-9d04f8f elementor-widget elementor-widget-heading\" data-id=\"9d04f8f\" data-element_type=\"widget\" data-e-type=\"widget\" data-widget_type=\"heading.default\">\n\t\t\t\t<div class=\"elementor-widget-container\">\n\t\t\t\t\t<h2 class=\"elementor-heading-title elementor-size-default\">Das Arbeitsumfeld bei Selecta<\/h2>\t\t\t\t<\/div>\n\t\t\t\t<\/div>\n\t\t\t\t<div data-dce-title-color=\"#282828\" class=\"elementor-element elementor-element-f821382 elementor-widget__width-initial elementor-widget elementor-widget-heading\" data-id=\"f821382\" data-element_type=\"widget\" data-e-type=\"widget\" data-settings=\"{&quot;_animation&quot;:&quot;none&quot;}\" data-widget_type=\"heading.default\">\n\t\t\t\t<div class=\"elementor-widget-container\">\n\t\t\t\t\t<h1 class=\"elementor-heading-title elementor-size-default\"><strong>Selecta<\/strong>\u00a0Selecta ist ein f\u00fchrendes Unternehmen im Vermietungssektor, das nicht nur f\u00fcr seine Dienstleistungen, sondern auch f\u00fcr sein ausgezeichnetes Arbeitsumfeld bekannt ist. Die Philosophie von Selecta basiert auf dem Glauben, dass ein positives und unterst\u00fctzendes Arbeitsumfeld der Schl\u00fcssel zum Erfolg und zur Entwicklung sowohl der Mitarbeiter als auch des Unternehmens insgesamt ist.<\/h1>\t\t\t\t<\/div>\n\t\t\t\t<\/div>\n\t\t\t\t<div class=\"elementor-element elementor-element-dfcb91b elementor-align-center elementor-mobile-align-center elementor-widget elementor-widget-button\" data-id=\"dfcb91b\" data-element_type=\"widget\" data-e-type=\"widget\" data-widget_type=\"button.default\">\n\t\t\t\t<div class=\"elementor-widget-container\">\n\t\t\t\t\t\t\t\t\t<div class=\"elementor-button-wrapper\">\n\t\t\t\t\t<a class=\"elementor-button elementor-button-link elementor-size-sm\" href=\"https:\/\/selectarentacar.com\/wp-content\/uploads\/2025\/05\/Selecta_Company_Profile_2.pdf\" target=\"_blank\">\n\t\t\t\t\t\t<span class=\"elementor-button-content-wrapper\">\n\t\t\t\t\t\t\t\t\t<span class=\"elementor-button-text\">Selecta Profil herunterladen<\/span>\n\t\t\t\t\t<\/span>\n\t\t\t\t\t<\/a>\n\t\t\t\t<\/div>\n\t\t\t\t\t\t\t\t<\/div>\n\t\t\t\t<\/div>\n\t\t\t\t\t<\/div>\n\t\t<\/div>\n\t\t\t\t\t<\/div>\n\t\t<\/section>\n\t\t\t\t<section class=\"elementor-section elementor-top-section elementor-element elementor-element-275ee6bf elementor-section-boxed elementor-section-height-default elementor-section-height-default\" data-id=\"275ee6bf\" data-element_type=\"section\" data-e-type=\"section\">\n\t\t\t\t\t\t<div class=\"elementor-container elementor-column-gap-default\">\n\t\t\t\t\t<div class=\"elementor-column elementor-col-100 elementor-top-column elementor-element elementor-element-476f9809\" data-id=\"476f9809\" data-element_type=\"column\" data-e-type=\"column\">\n\t\t\t<div class=\"elementor-widget-wrap elementor-element-populated\">\n\t\t\t\t\t\t<div data-dce-title-color=\"#000000\" class=\"elementor-element elementor-element-1b3bbdee elementor-widget elementor-widget-toggle\" data-id=\"1b3bbdee\" data-element_type=\"widget\" data-e-type=\"widget\" data-widget_type=\"toggle.default\">\n\t\t\t\t<div class=\"elementor-widget-container\">\n\t\t\t\t\t\t\t<div class=\"elementor-toggle\">\n\t\t\t\t\t\t\t<div class=\"elementor-toggle-item\">\n\t\t\t\t\t<div id=\"elementor-tab-title-4561\" class=\"elementor-tab-title\" data-tab=\"1\" role=\"button\" aria-controls=\"elementor-tab-content-4561\" aria-expanded=\"false\">\n\t\t\t\t\t\t\t\t\t\t\t\t<span class=\"elementor-toggle-icon elementor-toggle-icon-right\" aria-hidden=\"true\">\n\t\t\t\t\t\t\t\t\t\t\t\t\t\t\t<span class=\"elementor-toggle-icon-closed\"><i class=\"fas fa-chevron-down\"><\/i><\/span>\n\t\t\t\t\t\t\t\t<span class=\"elementor-toggle-icon-opened\"><i class=\"elementor-toggle-icon-opened fas fa-chevron-up\"><\/i><\/span>\n\t\t\t\t\t\t\t\t\t\t\t\t\t<\/span>\n\t\t\t\t\t\t\t\t\t\t\t\t<a class=\"elementor-toggle-title\" tabindex=\"0\">Freundliche und kollaborative Atmosph\u00e4re<\/a>\n\t\t\t\t\t<\/div>\n\n\t\t\t\t\t<div id=\"elementor-tab-content-4561\" class=\"elementor-tab-content elementor-clearfix\" data-tab=\"1\" role=\"region\" aria-labelledby=\"elementor-tab-title-4561\"><p data-pm-slice=\"1 1 []\">Bei Selecta wird gro\u00dfen Wert auf die Schaffung einer freundlichen und kollaborativen Atmosph\u00e4re gelegt. Die Mitarbeiter werden ermutigt, miteinander zu interagieren und zusammenzuarbeiten, um Teamarbeit und den Austausch von Ideen zu f\u00f6rdern. Das Unternehmen ist der \u00dcberzeugung, dass durch Zusammenarbeit jede Herausforderung gemeistert und jedes Ziel erreicht werden kann<\/p><\/div>\n\t\t\t\t<\/div>\n\t\t\t\t\t\t\t<div class=\"elementor-toggle-item\">\n\t\t\t\t\t<div id=\"elementor-tab-title-4562\" class=\"elementor-tab-title\" data-tab=\"2\" role=\"button\" aria-controls=\"elementor-tab-content-4562\" aria-expanded=\"false\">\n\t\t\t\t\t\t\t\t\t\t\t\t<span class=\"elementor-toggle-icon elementor-toggle-icon-right\" aria-hidden=\"true\">\n\t\t\t\t\t\t\t\t\t\t\t\t\t\t\t<span class=\"elementor-toggle-icon-closed\"><i class=\"fas fa-chevron-down\"><\/i><\/span>\n\t\t\t\t\t\t\t\t<span class=\"elementor-toggle-icon-opened\"><i class=\"elementor-toggle-icon-opened fas fa-chevron-up\"><\/i><\/span>\n\t\t\t\t\t\t\t\t\t\t\t\t\t<\/span>\n\t\t\t\t\t\t\t\t\t\t\t\t<a class=\"elementor-toggle-title\" tabindex=\"0\">Schulung und berufliche Weiterbildung<\/a>\n\t\t\t\t\t<\/div>\n\n\t\t\t\t\t<div id=\"elementor-tab-content-4562\" class=\"elementor-tab-content elementor-clearfix\" data-tab=\"2\" role=\"region\" aria-labelledby=\"elementor-tab-title-4562\">Selecta investiert systematisch in die Schulung und berufliche Weiterbildung seiner Mitarbeiter. Regelm\u00e4\u00dfige Seminare und Schulungsprogramme zielen darauf ab, die F\u00e4higkeiten und das Wissen des Personals zu verbessern. Dar\u00fcber hinaus f\u00f6rdert das Unternehmen die Entwicklung interner Talente, indem es Aufstiegsm\u00f6glichkeiten und die \u00dcbernahme neuer, anspruchsvollerer Rollen bietet.<\/div>\n\t\t\t\t<\/div>\n\t\t\t\t\t\t\t<div class=\"elementor-toggle-item\">\n\t\t\t\t\t<div id=\"elementor-tab-title-4563\" class=\"elementor-tab-title\" data-tab=\"3\" role=\"button\" aria-controls=\"elementor-tab-content-4563\" aria-expanded=\"false\">\n\t\t\t\t\t\t\t\t\t\t\t\t<span class=\"elementor-toggle-icon elementor-toggle-icon-right\" aria-hidden=\"true\">\n\t\t\t\t\t\t\t\t\t\t\t\t\t\t\t<span class=\"elementor-toggle-icon-closed\"><i class=\"fas fa-chevron-down\"><\/i><\/span>\n\t\t\t\t\t\t\t\t<span class=\"elementor-toggle-icon-opened\"><i class=\"elementor-toggle-icon-opened fas fa-chevron-up\"><\/i><\/span>\n\t\t\t\t\t\t\t\t\t\t\t\t\t<\/span>\n\t\t\t\t\t\t\t\t\t\t\t\t<a class=\"elementor-toggle-title\" tabindex=\"0\">Work-Life-Balance<\/a>\n\t\t\t\t\t<\/div>\n\n\t\t\t\t\t<div id=\"elementor-tab-content-4563\" class=\"elementor-tab-content elementor-clearfix\" data-tab=\"3\" role=\"region\" aria-labelledby=\"elementor-tab-title-4563\">Selecta versteht die Bedeutung der Work-Life-Balance. Mit flexiblen Arbeitszeiten und der M\u00f6glichkeit, von zu Hause aus zu arbeiten, bem\u00fcht sich das Unternehmen, sich an die Bed\u00fcrfnisse seiner Mitarbeiter anzupassen und sicherzustellen, dass sie sowohl ihren beruflichen als auch ihren privaten Verpflichtungen gerecht werden k\u00f6nnen<\/div>\n\t\t\t\t<\/div>\n\t\t\t\t\t\t\t<div class=\"elementor-toggle-item\">\n\t\t\t\t\t<div id=\"elementor-tab-title-4564\" class=\"elementor-tab-title\" data-tab=\"4\" role=\"button\" aria-controls=\"elementor-tab-content-4564\" aria-expanded=\"false\">\n\t\t\t\t\t\t\t\t\t\t\t\t<span class=\"elementor-toggle-icon elementor-toggle-icon-right\" aria-hidden=\"true\">\n\t\t\t\t\t\t\t\t\t\t\t\t\t\t\t<span class=\"elementor-toggle-icon-closed\"><i class=\"fas fa-chevron-down\"><\/i><\/span>\n\t\t\t\t\t\t\t\t<span class=\"elementor-toggle-icon-opened\"><i class=\"elementor-toggle-icon-opened fas fa-chevron-up\"><\/i><\/span>\n\t\t\t\t\t\t\t\t\t\t\t\t\t<\/span>\n\t\t\t\t\t\t\t\t\t\t\t\t<a class=\"elementor-toggle-title\" tabindex=\"0\">Innovation und kontinuierliche Verbesserung<\/a>\n\t\t\t\t\t<\/div>\n\n\t\t\t\t\t<div id=\"elementor-tab-content-4564\" class=\"elementor-tab-content elementor-clearfix\" data-tab=\"4\" role=\"region\" aria-labelledby=\"elementor-tab-title-4564\">Innovation geh\u00f6rt zur DNA von Selecta. Das Unternehmen ermutigt seine Mitarbeiter, kreativ zu denken und neue Ideen vorzuschlagen, die Prozesse und Dienstleistungen verbessern k\u00f6nnen. Durch eine Kultur der kontinuierlichen Verbesserung stellt Selecta sicher, dass es an der Spitze des Marktes bleibt und seinen Kunden stets erstklassige L\u00f6sungen bietet.<\/div>\n\t\t\t\t<\/div>\n\t\t\t\t\t\t\t<div class=\"elementor-toggle-item\">\n\t\t\t\t\t<div id=\"elementor-tab-title-4565\" class=\"elementor-tab-title\" data-tab=\"5\" role=\"button\" aria-controls=\"elementor-tab-content-4565\" aria-expanded=\"false\">\n\t\t\t\t\t\t\t\t\t\t\t\t<span class=\"elementor-toggle-icon elementor-toggle-icon-right\" aria-hidden=\"true\">\n\t\t\t\t\t\t\t\t\t\t\t\t\t\t\t<span class=\"elementor-toggle-icon-closed\"><i class=\"fas fa-chevron-down\"><\/i><\/span>\n\t\t\t\t\t\t\t\t<span class=\"elementor-toggle-icon-opened\"><i class=\"elementor-toggle-icon-opened fas fa-chevron-up\"><\/i><\/span>\n\t\t\t\t\t\t\t\t\t\t\t\t\t<\/span>\n\t\t\t\t\t\t\t\t\t\t\t\t<a class=\"elementor-toggle-title\" tabindex=\"0\">Soziale Verantwortung des Unternehmens<\/a>\n\t\t\t\t\t<\/div>\n\n\t\t\t\t\t<div id=\"elementor-tab-content-4565\" class=\"elementor-tab-content elementor-clearfix\" data-tab=\"5\" role=\"region\" aria-labelledby=\"elementor-tab-title-4565\">Abschlie\u00dfend legt Selecta gro\u00dfen Wert auf unternehmerische soziale Verantwortung. Die Mitarbeiter nehmen an verschiedenen freiwilligen Aktivit\u00e4ten und Programmen teil, die darauf abzielen, die Gemeinschaft zu unterst\u00fctzen und die Umwelt zu sch\u00fctzen. Dieses Engagement st\u00e4rkt das Stolzgef\u00fchl und verleiht ihrer Arbeit Sinn, was zur Schaffung einer vereinten und engagierten Belegschaft beitr\u00e4gt.<br><br>\n\nZusammenfassend l\u00e4sst sich sagen, dass Selecta ein Musterunternehmen ist, das in seine Mitarbeiter investiert und ein Arbeitsumfeld schafft, das Wohlbefinden, Entwicklung und Innovation f\u00f6rdert.<br><br>\n\nMit diesen Werten f\u00fchrt Selecta weiterhin den Vermietungssektor und baut Vertrauensbeziehungen sowohl zu seinen Mitarbeitern als auch zu seinen Kunden auf.<\/div>\n\t\t\t\t<\/div>\n\t\t\t\t\t\t\t\t<\/div>\n\t\t\t\t\t\t<\/div>\n\t\t\t\t<\/div>\n\t\t\t\t\t<\/div>\n\t\t<\/div>\n\t\t\t\t\t<\/div>\n\t\t<\/section>\n\t\t\t\t<\/div>","protected":false},"excerpt":{"rendered":"<p>Our Company Our company operates in all popular destinations with stations at airports, city centers or ports, in more than 50 regions in Greece with high quality car services and a fleet of more than 3,000 cars. Our Mission We stand by our customers 24\/7, offering solutions and services that exceed their expectations &#8211; &#8220;The [&hellip;]<\/p>\n","protected":false},"author":2,"featured_media":0,"parent":0,"menu_order":0,"comment_status":"closed","ping_status":"closed","template":"","meta":{"footnotes":""},"class_list":["post-2893","page","type-page","status-publish","hentry"],"acf":[],"_links":{"self":[{"href":"https:\/\/selectarentacar.com\/de\/wp-json\/wp\/v2\/pages\/2893","targetHints":{"allow":["GET"]}}],"collection":[{"href":"https:\/\/selectarentacar.com\/de\/wp-json\/wp\/v2\/pages"}],"about":[{"href":"https:\/\/selectarentacar.com\/de\/wp-json\/wp\/v2\/types\/page"}],"author":[{"embeddable":true,"href":"https:\/\/selectarentacar.com\/de\/wp-json\/wp\/v2\/users\/2"}],"replies":[{"embeddable":true,"href":"https:\/\/selectarentacar.com\/de\/wp-json\/wp\/v2\/comments?post=2893"}],"version-history":[{"count":0,"href":"https:\/\/selectarentacar.com\/de\/wp-json\/wp\/v2\/pages\/2893\/revisions"}],"wp:attachment":[{"href":"https:\/\/selectarentacar.com\/de\/wp-json\/wp\/v2\/media?parent=2893"}],"curies":[{"name":"wp","href":"https:\/\/api.w.org\/{rel}","templated":true}]}}