{"id":353,"date":"2022-03-15T10:37:14","date_gmt":"2022-03-15T10:37:14","guid":{"rendered":"https:\/\/selectarentacar.com\/?page_id=353"},"modified":"2026-02-11T10:57:09","modified_gmt":"2026-02-11T08:57:09","slug":"rental-agreement","status":"publish","type":"page","link":"https:\/\/selectarentacar.com\/de\/rental-agreement\/","title":{"rendered":"Mietvertrag"},"content":{"rendered":"<div data-elementor-type=\"wp-page\" data-elementor-id=\"353\" class=\"elementor elementor-353\" data-elementor-post-type=\"page\">\n\t\t\t\t\t\t<section class=\"elementor-section elementor-top-section elementor-element elementor-element-ddfc35d elementor-section-boxed elementor-section-height-default elementor-section-height-default\" data-id=\"ddfc35d\" data-element_type=\"section\" data-e-type=\"section\">\n\t\t\t\t\t\t<div class=\"elementor-container elementor-column-gap-default\">\n\t\t\t\t\t<div class=\"elementor-column elementor-col-100 elementor-top-column elementor-element elementor-element-637bcef\" data-id=\"637bcef\" data-element_type=\"column\" data-e-type=\"column\">\n\t\t\t<div class=\"elementor-widget-wrap elementor-element-populated\">\n\t\t\t\t\t\t<div class=\"elementor-element elementor-element-00cccef elementor-widget elementor-widget-text-editor\" data-id=\"00cccef\" data-element_type=\"widget\" data-e-type=\"widget\" data-widget_type=\"text-editor.default\">\n\t\t\t\t<div class=\"elementor-widget-container\">\n\t\t\t\t\t\t\t\t\t<p lang=\"el-GR\"><span style=\"color: #000000;\"><span style=\"font-size: large;\"><span style=\"font-family: Calibri, sans-serif;\"><span lang=\"en-US\"><b>MIETVERTRAG<\/b><\/span><\/span><\/span><\/span><\/p><p lang=\"el-GR\"><span style=\"color: #000000;\"><span style=\"font-size: large;\"><span style=\"font-family: Calibri, sans-serif;\"><span lang=\"en-US\">Mit diesem Vertrag mietet die Vermietungsgesellschaft (Franchise unter Lizenz zur Nutzung der Marke \u201eCOMPANY NAME\u201c f\u00fcr eigene Zwecke) dem \u201eMieter\u201c das Fahrzeug, wie im Folgenden beschrieben (einschlie\u00dflich eines Ersatzfahrzeugs), vorbehaltlich der nachstehend aufgef\u00fchrten Bedingungen sowie der Bedingungen, die auf der Vorderseite dieses Vertrages enthalten sind, die der Mieter in vollem Umfang ausdr\u00fccklich, bedingungslos und vorbehaltlos akzeptiert. <\/span><\/span><\/span><\/span><\/p><p lang=\"el-GR\"><span style=\"color: #000000;\"><span style=\"font-size: large;\"><span style=\"font-family: Calibri, sans-serif;\"><span lang=\"en-US\"><b>1. MINDESTALTER DES FAHRERS<\/b><\/span><\/span><span style=\"font-family: Calibri, sans-serif;\"><span lang=\"en-US\"> Mindestalter 19 Jahre f\u00fcr die Fahrzeuggruppen <\/span><\/span><span style=\"font-family: Calibri, sans-serif;\"><span lang=\"en-US\">A, AA, A1, B, BB, BA, BJ, C, CA, CH<\/span><\/span><span style=\"font-family: Calibri, sans-serif;\"><span lang=\"en-US\">. <\/span><\/span><span style=\"font-family: Calibri, sans-serif;\"><span lang=\"en-US\">F\u00fcr alle anderen Fahrzeuggruppen gilt ein Mindestalter von 23 Jahren. Maximale Altersgrenze 85 Jahre.<\/span><\/span><\/span><\/span><\/p><p lang=\"el-GR\"><span style=\"color: #000000;\"><span style=\"font-size: large;\"><span style=\"font-family: Calibri, sans-serif;\"><span lang=\"en-US\"><b>2. F\u00dcHRERSCHEIN<\/b><\/span><\/span><span style=\"font-family: Calibri, sans-serif;\"><span lang=\"en-US\"> Ein g\u00fcltiger F\u00fchrerschein, der mindestens ein Jahr lang gehalten wurde, ist erforderlich.<\/span><\/span><\/span><\/span><\/p><p lang=\"el-GR\"><span style=\"color: #000000;\"><span style=\"font-size: large;\"><span style=\"font-family: Calibri, sans-serif;\"><span lang=\"en-US\"><b>3. Kaution MINDESTMIETE<\/b><\/span><\/span><span style=\"font-family: Calibri, sans-serif;\"><span lang=\"en-US\"> Gem\u00e4\u00df der Annahme sind bei Beginn der Miete Kautionen f\u00fcr gesch\u00e4tzte Geb\u00fchren erforderlich, mit einem Mindestbetrag von 150,00 \u20ac pro Tag. Keine Kaution erforderlich f\u00fcr Kreditkarteninhaber, die von \u201eCOMPANY NAME\u201c akzeptiert werden. Keine Fahrzeuggruppen k\u00f6nnen auf Bargeldbasis gemietet werden. Die Mindestmietdauer betr\u00e4gt einen Tag (24 Stunden). F\u00fcr jede weitere halbe Stunde wird der Mieter mit einem zus\u00e4tzlichen Tagespreis berechnet. <\/span><\/span><\/span><\/span><\/p><p lang=\"el-GR\"><span style=\"color: #000000;\"><span style=\"font-size: large;\"><span style=\"font-family: Calibri, sans-serif;\"><span lang=\"en-US\"><b>4. \u00dcBERGABE UND R\u00dcCKGABE<\/b><\/span><\/span><span style=\"font-family: Calibri, sans-serif;\"><span lang=\"en-US\"> Der Mieter erh\u00e4lt das Fahrzeug, das er gepr\u00fcft hat und als zu seiner vollen Zufriedenheit in einwandfreiem Zustand und f\u00fcr den Zweck, zu dem er es mietet, geeignet befindet. Der Mieter muss das Fahrzeug sowie alle Dokumente, Werkzeuge und Zubeh\u00f6rteile, die damit geliefert wurden, in demselben Zustand, in dem er es erhalten hat, am im Vertrag festgelegten R\u00fcckgabeort und -datum an den Vermieter zur\u00fcckgeben. Andernfalls, und nach Ablauf der Mietperiode, ist der Mieter verpflichtet, dem Vermieter die normalen Mietgeb\u00fchren sowie die Kosten f\u00fcr etwaige Verluste oder Sch\u00e4den zu zahlen. Der Vermieter beh\u00e4lt sich das Recht vor, das Fahrzeug jederzeit ohne Vorank\u00fcndigung und ohne Zustimmung des Mieters in Besitz zu nehmen und zu nutzen, jedoch auf Kosten des Mieters, wenn nach Ermessen des Vermieters eine Gefahr oder ein Schaden oder Verlust des Fahrzeugs besteht oder das Risiko besteht, die Mietgeb\u00fchr oder eine andere f\u00e4llige Entsch\u00e4digung nicht zu erhalten. Der Vermieter hat auch das Recht, das Fahrzeug zur\u00fcckzunehmen und zu nutzen, wenn es im Widerspruch zu diesem Vertrag oder der festgelegten Mietdauer verwendet wurde. <\/span><\/span><\/span><\/span><\/p><p lang=\"el-GR\"><span style=\"color: #000000;\"><span style=\"font-size: large;\"><span style=\"font-family: Calibri, sans-serif;\"><span lang=\"en-US\"><b>5. DIEBSTAHL (TPC). SCHADEN (CDW) usw.<\/b><\/span><\/span><span style=\"font-family: Calibri, sans-serif;\"><span lang=\"en-US\"> Der Mieter ist verpflichtet, den Vermieter im Falle von Diebstahl, Verlust oder Besch\u00e4digung des Fahrzeugs sowie f\u00fcr Sch\u00e4den an Dritten (einschlie\u00dflich Mitfahrern) zu entsch\u00e4digen und s\u00e4mtliche Verluste und Sch\u00e4den des Vermieters zu ersetzen. Im Einzelnen:\na. Der Mieter haftet f\u00fcr alle Sch\u00e4den am Fahrzeug oder an Dritten, sofern er gegen die Nutzungsbedingungen versto\u00dfen hat oder das Fahrzeug in rechtswidriger Weise bzw. unter Versto\u00df gegen die griechische Stra\u00dfenverkehrsordnung gef\u00fchrt hat.\nb. Der Mieter haftet f\u00fcr teilweisen oder vollst\u00e4ndigen Diebstahl oder Verlust des Fahrzeugs, es sei denn, der Vermieter entbindet ihn ausdr\u00fccklich von der Haftung f\u00fcr vollst\u00e4ndigen Diebstahl oder Verlust. Eine solche Entbindung ist nur g\u00fcltig, wenn der Mieter zu Mietbeginn die t\u00e4gliche Geb\u00fchr und die Bedingungen der \u201eTheft Protection\u201c (TPC) gem\u00e4\u00df der offiziellen Preisliste akzeptiert hat und alle erforderlichen Vorsichtsma\u00dfnahmen getroffen wurden. Der teilweise Diebstahl von Fahrzeugteilen oder Zubeh\u00f6r ist nicht abgedeckt.\nc. Der Mieter haftet f\u00fcr Sch\u00e4den infolge von Kollision oder Brand, es sei denn, der \u201eCollision Damage Waiver\u201c (CDW) wurde akzeptiert und bezahlt. CDW oder FDW decken keine Sch\u00e4den an Reifen, Glas, Unterboden, Innenraum, Dach, Motor, Schl\u00f6ssern, Schl\u00fcsselverlust, Scheibenwischern oder Sch\u00e4den w\u00e4hrend des Transports ohne schriftliche Zustimmung. Sch\u00e4den durch Vorsatz, Fahrl\u00e4ssigkeit, falsche Betankung, Vertragsverletzung, Terrorakte oder Naturkatastrophen sind ebenfalls ausgeschlossen. Die Schadensbewertung erfolgt \u00fcber DAT Hellas. SELECTA stellt je nach Verf\u00fcgbarkeit innerhalb von 48 Stunden ein Ersatzfahrzeug bereit. Kosten der Pannenhilfe infolge Fehlbedienung tr\u00e4gt der Mieter vollst\u00e4ndig.<\/span><\/span><\/span><\/span><\/p><p lang=\"el-GR\"><span style=\"color: #000000;\"><span style=\"font-size: large;\"><span style=\"font-family: Calibri, sans-serif;\"><span lang=\"en-US\"><b>6. GEB\u00dcHREN<\/b><\/span><\/span><span style=\"font-family: Calibri, sans-serif;\"><span lang=\"en-US\"> Der Mieter hat dem Vermieter bei Beendigung der Mietdauer, es sei denn, es wurde etwas anderes vereinbart, folgende Betr\u00e4ge zu zahlen: a. Die t\u00e4gliche feste Mietgeb\u00fchr f\u00fcr die gesamte Mietdauer\nb. Die Geb\u00fchren, die der Kilometerleistung des Fahrzeugs entsprechen, sofern nicht anders vereinbart, basierend auf dem Einheitspreis pro Kilometer, wie er im offiziellen Preistarif des Vermieters festgelegt ist. Die Anzahl der gefahrenen Kilometer wird anhand des Kilometerz\u00e4hlers zu Beginn und am Ende der Mietdauer berechnet. Falls der Kilometerz\u00e4hler nicht funktioniert, wird die Geb\u00fchr anhand der zur\u00fcckgelegten Kilometer berechnet. c. Alle Kosten im Zusammenhang mit der Betankung des Fahrzeugs, falls es nicht im gleichen Tankniveau zur\u00fcckgegeben wird, wie es zum Zeitpunkt der \u00dcbergabe des Fahrzeugs an den Mieter war, der \u201eDiebstahlschutz\u201c (TPC), die \u201eCollision Damage Waiver\u201c (CDW), die \u201ePersonal Accident Insurance\u201c (PAI), die \u201eFull Damage Waiver\u201c (FDW) und alle anderen Geb\u00fchren, die durch die Bedingungen dieses Vertrages oder durch den offiziellen Preistarif des Vermieters festgelegt sind. d. Jegliche Steuern, Geb\u00fchren und andere Ausgaben im Zusammenhang mit der Miete des Fahrzeugs\ne. Alle Kosten des Vermieters, einschlie\u00dflich Anwaltsgeb\u00fchren und Verzugszinsen, die im Zusammenhang mit der Einziehung von Zahlungen entstehen, die im Zusammenhang mit dieser Miete oder der R\u00fccknahme des Fahrzeugs durch den Vermieter f\u00e4llig sind.\nf. Jegliche Bu\u00dfgelder, Strafen, Gerichtskosten und andere Ausgaben, die dem Vermieter aufgrund der illegalen Nutzung des Fahrzeugs durch den Mieter auferlegt werden oder noch auferlegt werden. g. Jeder Betrag, der f\u00fcr den Ersatz oder die Reparatur zerst\u00f6rter Reifen oder R\u00e4der oder f\u00fcr die Wiederherstellung von Sch\u00e4den an der Unterseite des Fahrzeugs oder f\u00fcr die Reparatur anderer Sch\u00e4den sowie f\u00fcr die Entsch\u00e4digung im Falle eines Fahrzeugverlusts erforderlich ist, es sei denn, die entsprechenden Waiver wurden akzeptiert und deren Bedingungen angewendet (Artikel 5). h. Die zus\u00e4tzlichen Geb\u00fchren f\u00fcr die Lieferung oder R\u00fcckgabe des Fahrzeugs sowie die Geb\u00fchren f\u00fcr die R\u00fcckgabe an einem anderen Ort als dem auf der Vorderseite dieses Vertrages angegebenen Ort ohne schriftliche Zustimmung des Vermieters, wobei diese Geb\u00fchr im offiziellen Preistarif des Vermieters festgelegt ist. i. Die zus\u00e4tzliche \u201eFlughafen-Servicegeb\u00fchr\u201c, falls der Mieter das Fahrzeug an einer Zweigstelle des Vermieters am Flughafen gemietet hat. Der Mieter erkl\u00e4rt sich einverstanden und akzeptiert: 1.Gew\u00e4hrte Rabatte werden widerrufen, wenn die Zahlung des Vermieters nicht innerhalb der festgelegten Fristen erfolgt. 2. Alle Geb\u00fchren unterliegen einer endg\u00fcltigen Pr\u00fcfung durch den Vermieter, und der Mieter akzeptiert diese vollst\u00e4ndig im Rahmen dieses Vertrages.<\/span><\/span><\/span><\/span><\/p><p lang=\"el-GR\"><span style=\"color: #000000;\"><span style=\"font-size: large;\"><span style=\"font-family: Calibri, sans-serif;\"><span lang=\"en-US\"><b>7. NUTZUNGSBEDINGUNGEN<\/b><\/span><\/span><span style=\"font-family: Calibri, sans-serif;\"><span lang=\"en-US\"> Der Mieter ist verpflichtet, das Fahrzeug sorgf\u00e4ltig zu behandeln, es in gutem Zustand zu erhalten, seine mechanische Funktionsf\u00e4higkeit, den \u00d6l- und Wasserstand, die Reifen usw. zu \u00fcberpr\u00fcfen und im Allgemeinen umsichtig zu handeln. Jegliche Reparatur des Fahrzeugs durch den Mieter selbst oder durch eine andere Person ist ohne vorherige Zustimmung des Verleihers untersagt. Das Fahrzeug darf Griechenland nicht verlassen oder auf einem Zug, Schiff oder anderen Transportmitteln verladen werden, ohne die vorherige schriftliche Zustimmung des Verleihers. Das Fahrzeug darf nicht verwendet werden: a.Zum Transport von Personen oder Eigentum gegen Entgelt. b. Um ein Fahrzeug, einen Anh\u00e4nger oder ein anderes Objekt zu ziehen oder zu schieben. c. Zur Teilnahme an oder Nachahmung von Rallyes. d. Zur Untervermietung durch den Mieter an Dritte. e. F\u00fcr Zwecke, die dem griechischen Gesetz widersprechen. f. W\u00e4hrend der Mieter oder der zus\u00e4tzliche Fahrer des Fahrzeugs unter dem Einfluss von Alkohol, halluzinogenen Drogen, Bet\u00e4ubungsmitteln, Barbituraten oder anderen Substanzen steht, die das Bewusstsein oder die Reaktionsf\u00e4higkeit beeintr\u00e4chtigen. g. Im Widerspruch zu Zoll-, Verkehrs- oder anderen Vorschriften. h. Durch eine dritte Person, die nicht der Mieter oder ein zus\u00e4tzlicher Fahrer ist, f\u00fcr den der Mieter die t\u00e4gliche Geb\u00fchr f\u00fcr zus\u00e4tzliche Fahrer gem\u00e4\u00df der offiziellen Preisliste des Verleihers akzeptiert hat.<\/span><\/span><\/span><\/span><\/p><p lang=\"el-GR\"><span style=\"color: #000000;\"><span style=\"font-size: large;\"><span style=\"font-family: Calibri, sans-serif;\"><span lang=\"en-US\">i. Zum Transport von schwerem Gep\u00e4ck, brennbaren Materialien, stark riechenden oder schlecht riechenden Waren, Bet\u00e4ubungsmitteln usw. j. Zur Durchf\u00fchrung illegaler Transporte von Einheimischen oder Ausl\u00e4ndern oder zur Ausf\u00fchrung illegaler Handlungen. k. F\u00fcr Reisen au\u00dferhalb Griechenlands ohne schriftliche Zustimmung des Verleihers <\/span><\/span><\/span><\/span><\/p><p lang=\"el-GR\"><span style=\"color: #000000;\"><span style=\"font-size: large;\"><span style=\"font-family: Calibri, sans-serif;\"><span lang=\"en-US\"><b>8. VERL\u00c4NGERUNG DER MIETDAUER<\/b><\/span><\/span><span style=\"font-family: Calibri, sans-serif;\"><span lang=\"en-US\"> M\u00f6chte der Mieter die Mietdauer des Fahrzeugs verl\u00e4ngern, muss er dem Verleiher mindestens vierundzwanzig (24) Stunden vor Ende der Mietzeit schriftlich benachrichtigen, um die entsprechende schriftliche Genehmigung zu erhalten. Unterl\u00e4sst er dies, haftet er sowohl zivilrechtlich als auch strafrechtlich f\u00fcr die illegale Nutzung und den Besitz des Fahrzeugs. Im Falle einer Verl\u00e4ngerung der Miete ist der Mieter an die Bedingungen sowohl des urspr\u00fcnglichen Vertrages als auch des Mietverl\u00e4ngerungsvertrags gebunden, sowohl in Bezug auf das Fahrzeug als auch auf etwaige Ersatzfahrzeuge. <\/span><\/span><\/span><\/span><\/p><p lang=\"el-GR\"><span style=\"color: #000000;\"><span style=\"font-size: large;\"><span style=\"font-family: Calibri, sans-serif;\"><span lang=\"en-US\"><b>9. ENTSCH\u00c4DIGUNG<\/b><\/span><\/span><span style=\"font-family: Calibri, sans-serif;\"><span lang=\"en-US\"> Der Mieter erkl\u00e4rt sich ausdr\u00fccklich damit einverstanden, dass der Verleiher nicht f\u00fcr jegliche Verluste oder Sch\u00e4den verantwortlich ist, die der Mieter oder Dritte w\u00e4hrend der Mietzeit erleiden, und dass keine Anspr\u00fcche gegen den Verleiher aus diesem Grund geltend gemacht werden. <\/span><\/span><\/span><\/span><\/p><p lang=\"el-GR\"><span style=\"color: #000000;\"><span style=\"font-size: large;\"><span style=\"font-family: Calibri, sans-serif;\"><span lang=\"en-US\"><b>10. UNF\u00c4LLE<\/b><\/span><\/span><span style=\"font-family: Calibri, sans-serif;\"><span lang=\"en-US\"> Im Falle eines Unfalls oder eines anderen Vorfalls (Brand, Diebstahl usw.) sind der Mieter oder die zus\u00e4tzlichen Fahrer verpflichtet, sofort Folgendes zu tun: a. Keine Haftung oder Schuld und Anspr\u00fcche Dritter in irgendeiner Weise, direkt oder indirekt, anzuerkennen. b. Die Namen und Adressen von Augenzeugen sowie den Namen und die Adresse des Fahrers und die Daten des Fahrzeugs, mit dem das Fahrzeug kollidiert sein k\u00f6nnte, zu notieren. c. Die Polizei zu benachrichtigen, um die Haftung des Dritten zu untersuchen und den Verletzten Hilfe zu leisten. d. Den Verleiher sofort telefonisch oder auf andere Weise (Fax usw.) zu kontaktieren. e. Alle relevanten Informationen von Dritten einzuholen. f. Den Unfallort und die an dem Unfall beteiligten Fahrzeuge, wenn m\u00f6glich, zu fotografieren. Der Mieter muss sp\u00e4testens innerhalb von vierundzwanzig (24) Stunden einen Unfall-\/Diebstahlbericht in der n\u00e4chstgelegenen Filiale des Verleihers ausf\u00fcllen und unterschreiben und alle relevanten Dokumente oder Informationen an den Verleiher senden. Im Falle eines Diebstahls oder Verlusts des Fahrzeugs muss der Mieter den Vorfall schriftlich innerhalb von vierundzwanzig (24) Stunden bei der n\u00e4chstgelegenen Polizeidienststelle melden. <\/span><\/span><\/span><\/span><\/p><p lang=\"el-GR\"><span style=\"color: #000000;\"><span style=\"font-size: large;\"><span style=\"font-family: Calibri, sans-serif;\"><span lang=\"en-US\"><b>11. VERSICHERUNGEN<\/b><\/span><\/span><span style=\"font-family: Calibri, sans-serif;\"><span lang=\"en-US\"> a. Der Verleiher stellt dem Mieter und jedem zus\u00e4tzlichen Fahrer eine Versicherung zur Verf\u00fcgung, die von Versicherungsunternehmen seiner Wahl f\u00fcr Todesf\u00e4lle oder Verletzungen Dritter, Passagiere oder Nicht-Passagiere des Fahrzeugs (der Fahrer des Fahrzeugs ist ausgeschlossen) mit einem H\u00f6chstbetrag von \u20ac1.300.000,00 und f\u00fcr Sachsch\u00e4den an Dritten (au\u00dfer dem Fahrzeug des Verleihers) bis zu einem H\u00f6chstbetrag von \u20ac1.300.000,00 abgeschlossen wurde, vorausgesetzt, es wird keine Bestimmung dieses Vertrages verletzt.<\/span><\/span><\/span><\/span><\/p><p lang=\"el-GR\"><span style=\"color: #000000;\"><span style=\"font-size: large;\"><span style=\"font-family: Calibri, sans-serif;\"><span lang=\"en-US\">b. Der Verleiher stellt eine Versicherung f\u00fcr Dritte nur f\u00fcr die Personen zur Verf\u00fcgung, die das Fahrzeug mit seiner Erlaubnis verwenden, durch eine Versicherungspolice, deren Bedingungen zur Einsichtnahme zur Verf\u00fcgung stehen. c. Der Mieter, zus\u00e4tzliche autorisierte Fahrer und alle anderen Passagiere des Fahrzeugs sind nicht durch die \u201ePersonal Accident Insurance\u201c (PAI), wie dieser Begriff in der offiziellen Preisliste des Verleihers definiert ist, versichert, es sei denn, der Mieter akzeptiert die \u201ePersonal Accident Insurance\u201c zu Beginn der Miete, indem er das K\u00e4stchen \u201eAkzeptieren\u201c auf der Vorderseite dieses Vertrages ankreuzt, was die Deckung durch die Versicherung des Verleihers f\u00fcr Personensch\u00e4den gem\u00e4\u00df der offiziellen Preisliste bedeutet und die entsprechende t\u00e4gliche Geb\u00fchr zahlt. d. Gep\u00e4ck ist nicht durch die Versicherung gedeckt, und der Mieter ist f\u00fcr jeglichen Verlust oder Schaden an Eigentum, das ihm geh\u00f6rt oder nicht, verantwortlich. Der Verleiher \u00fcbernimmt keine Verantwortung f\u00fcr solchen Verlust oder Schaden, weder w\u00e4hrend der Mietzeit noch nach der R\u00fcckgabe des Fahrzeugs an den Verleiher.<\/span><\/span><\/span><\/span><\/p><p lang=\"el-GR\"><span style=\"color: #000000;\"><span style=\"font-size: large;\"><span style=\"font-family: Calibri, sans-serif;\"><span lang=\"en-US\"><b>12. PERSONENBEZOGENE DATEN<\/b><\/span><\/span><span style=\"font-family: Calibri, sans-serif;\"><span lang=\"en-US\"> Der Mieter stimmt der Speicherung seiner personenbezogenen Daten in einem Computer zu. Es wird ausdr\u00fccklich vereinbart, dass der Verleiher berechtigt ist, diese Daten zu verwenden, wenn der Mieter bei der Miete falsche Angaben gemacht oder gegen die Bedingungen dieses Vertrages versto\u00dfen hat, und diese Daten an die Beh\u00f6rden des Landes weiterzugeben, falls der Verdacht besteht, dass ein kriminelles oder anderes Vergehen begangen wurde.<\/span><\/span><\/span><\/span><\/p><p lang=\"el-GR\"><span style=\"color: #000000;\"><span style=\"font-size: large;\"><span style=\"font-family: Calibri, sans-serif;\"><span lang=\"en-US\"><strong>13. SONSTIGE BESTIMMUNGEN<\/strong> a. Das Fahrzeug bleibt jederzeit Eigentum des Vermieters. Diese Vereinbarung stellt ausschlie\u00dflich einen Mietvertrag dar. Der Mieter handelt in keiner Weise als Vertreter oder Beauftragter des Vermieters. Der Mieter erkennt an, dass ihm keine anderen Rechte zustehen als die, die ausdr\u00fccklich in diesem Vertrag festgelegt sind.\nb. W\u00e4hrend der Mietdauer haften alle zus\u00e4tzlichen Fahrer gesamtschuldnerisch mit dem Mieter.\nc. Ebenso haftet jede Person, die diesen Vertrag als Vertreter des Mieters unterzeichnet, gesamtschuldnerisch mit dem Mieter.\nd. Dieser Vertrag ersetzt s\u00e4mtliche vorherigen schriftlichen oder m\u00fcndlichen Vereinbarungen zwischen Vermieter und Mieter.\ne. Der Vermieter verzichtet auf keinerlei Rechte, die sich aus dem Gesetz oder diesem Vertrag ergeben.\nf. \u00c4nderungen der Vertragsbedingungen sind nur wirksam, wenn sie schriftlich vereinbart wurden.\ng. Der Mieter akzeptiert, dass alle vorgenannten Bedingungen sowohl f\u00fcr den urspr\u00fcnglichen Vertrag als auch f\u00fcr jede Verl\u00e4ngerung der Mietdauer und\/oder den Austausch des Fahrzeugs gelten.\nh. Im Falle von Abweichungen zwischen Kopien und dem Originalvertrag ist stets das vom Vermieter aufbewahrte Original ma\u00dfgeblich.\ni. Die Vertragsparteien erkennen an, dass s\u00e4mtliche Bedingungen dieses Vertrags wesentlich und grundlegend f\u00fcr dessen Zweck sind. <\/span><\/span><\/span><\/span><\/p><p lang=\"el-GR\"><span style=\"color: #000000;\"><span style=\"font-size: large;\"><span style=\"font-family: Calibri, sans-serif;\"><span lang=\"en-US\"><b>14. GERICHTSBARKEIT<\/b><\/span><\/span><span style=\"font-family: Calibri, sans-serif;\"><span lang=\"en-US\"> Dieser Vertrag unterliegt der griechischen Gesetzgebung, und alle Streitigkeiten zwischen der Verleihergesellschaft und dem Mieter, die sich aus diesem Vertrag ergeben, fallen in die ausschlie\u00dfliche Zust\u00e4ndigkeit der Gerichte am Sitz des Verleihers. <\/span><\/span><\/span><\/span><\/p>\t\t\t\t\t\t\t\t<\/div>\n\t\t\t\t<\/div>\n\t\t\t\t\t<\/div>\n\t\t<\/div>\n\t\t\t\t\t<\/div>\n\t\t<\/section>\n\t\t\t\t<\/div>","protected":false},"excerpt":{"rendered":"<p>RENTAL AGREEMENT Whereas with this present agreement, the Lessor Company (franchise under license, to use the trademark of \u00abSELECTA\u00bb for its own benefit and purposes) hereby rents to the \u00abRenter\u00bb the vehicle, as described herein (including any replacement vehicle) subject to the herein below terms &amp; conditions as well as those included in the front [&hellip;]<\/p>\n","protected":false},"author":1,"featured_media":0,"parent":0,"menu_order":0,"comment_status":"closed","ping_status":"closed","template":"elementor_header_footer","meta":{"footnotes":""},"class_list":["post-353","page","type-page","status-publish","hentry"],"acf":[],"_links":{"self":[{"href":"https:\/\/selectarentacar.com\/de\/wp-json\/wp\/v2\/pages\/353","targetHints":{"allow":["GET"]}}],"collection":[{"href":"https:\/\/selectarentacar.com\/de\/wp-json\/wp\/v2\/pages"}],"about":[{"href":"https:\/\/selectarentacar.com\/de\/wp-json\/wp\/v2\/types\/page"}],"author":[{"embeddable":true,"href":"https:\/\/selectarentacar.com\/de\/wp-json\/wp\/v2\/users\/1"}],"replies":[{"embeddable":true,"href":"https:\/\/selectarentacar.com\/de\/wp-json\/wp\/v2\/comments?post=353"}],"version-history":[{"count":3,"href":"https:\/\/selectarentacar.com\/de\/wp-json\/wp\/v2\/pages\/353\/revisions"}],"predecessor-version":[{"id":3958,"href":"https:\/\/selectarentacar.com\/de\/wp-json\/wp\/v2\/pages\/353\/revisions\/3958"}],"wp:attachment":[{"href":"https:\/\/selectarentacar.com\/de\/wp-json\/wp\/v2\/media?parent=353"}],"curies":[{"name":"wp","href":"https:\/\/api.w.org\/{rel}","templated":true}]}}