{"id":832,"date":"2022-11-08T12:18:13","date_gmt":"2022-11-08T12:18:13","guid":{"rendered":"https:\/\/selectarentacar.com\/?page_id=832"},"modified":"2022-11-08T12:22:55","modified_gmt":"2022-11-08T12:22:55","slug":"online-check-in","status":"publish","type":"page","link":"https:\/\/selectarentacar.com\/de\/online-check-in\/","title":{"rendered":"<strong>Online Check In<\/strong>"},"content":{"rendered":"<div data-elementor-type=\"wp-page\" data-elementor-id=\"832\" class=\"elementor elementor-832\" data-elementor-post-type=\"page\">\n\t\t\t\t\t\t<section class=\"elementor-section elementor-top-section elementor-element elementor-element-684b327 elementor-section-full_width elementor-section-height-min-height elementor-section-height-default elementor-section-items-middle\" data-id=\"684b327\" data-element_type=\"section\" data-e-type=\"section\">\n\t\t\t\t\t\t<div class=\"elementor-container elementor-column-gap-default\">\n\t\t\t\t\t<div class=\"elementor-column elementor-col-33 elementor-top-column elementor-element elementor-element-41f9029\" data-id=\"41f9029\" data-element_type=\"column\" data-e-type=\"column\">\n\t\t\t<div class=\"elementor-widget-wrap elementor-element-populated\">\n\t\t\t\t\t\t<div class=\"elementor-element elementor-element-9abe2ff dce_masking-none elementor-widget elementor-widget-image\" data-id=\"9abe2ff\" data-element_type=\"widget\" data-e-type=\"widget\" data-widget_type=\"image.default\">\n\t\t\t\t<div class=\"elementor-widget-container\">\n\t\t\t\t\t\t\t\t\t\t\t\t\t\t\t<img fetchpriority=\"high\" decoding=\"async\" width=\"289\" height=\"197\" src=\"https:\/\/selectarentacar.com\/wp-content\/uploads\/2022\/11\/Picture1.png\" class=\"attachment-large size-large wp-image-838\" alt=\"\" \/>\t\t\t\t\t\t\t\t\t\t\t\t\t\t\t<\/div>\n\t\t\t\t<\/div>\n\t\t\t\t\t<\/div>\n\t\t<\/div>\n\t\t\t\t<div class=\"elementor-column elementor-col-33 elementor-top-column elementor-element elementor-element-11c581b\" data-id=\"11c581b\" data-element_type=\"column\" data-e-type=\"column\">\n\t\t\t<div class=\"elementor-widget-wrap elementor-element-populated\">\n\t\t\t\t\t\t<div data-dce-title-color=\"#000000\" class=\"elementor-element elementor-element-91441dc elementor-widget elementor-widget-heading\" data-id=\"91441dc\" data-element_type=\"widget\" data-e-type=\"widget\" data-widget_type=\"heading.default\">\n\t\t\t\t<div class=\"elementor-widget-container\">\n\t\t\t\t\t<h2 class=\"elementor-heading-title elementor-size-default\">OnLine Check In\n<\/h2>\t\t\t\t<\/div>\n\t\t\t\t<\/div>\n\t\t\t\t<div class=\"elementor-element elementor-element-faa2e67 elementor-widget elementor-widget-text-editor\" data-id=\"faa2e67\" data-element_type=\"widget\" data-e-type=\"widget\" data-widget_type=\"text-editor.default\">\n\t\t\t\t<div class=\"elementor-widget-container\">\n\t\t\t\t\t\t\t\t\t<p>Reduzieren Sie die Abholzeit des Autos mit dem Online-Check-in-Verfahren.<\/p><p>1. You can <a href=\"https:\/\/checkout.wheelsys.ms\/10601\/\" target=\"_blank\" rel=\"noopener\">Vor dem Check-in<\/a>, entweder f\u00fcr eine Reservierung, die Sie online gemacht haben, oder \u00fcber einen unserer Partner.<\/p><p>2. F\u00fcllen Sie Ihre pers\u00f6nlichen Daten, Pass-\/Identit\u00e4tsnummer und F\u00fchrerscheinnummer aus.<\/p><p>3. You are ready !<\/p><p>Am Tag, an dem Sie das Auto abholen, m\u00fcssen Sie Ihren Reisepass\/Personalausweis und F\u00fchrerschein zur sofortigen \u00dcberpr\u00fcfung der Informationen sowie Ihre Kreditkarte vorzeigen, um den Mietwagenvertrag abzuschlie\u00dfen.<\/p>\t\t\t\t\t\t\t\t<\/div>\n\t\t\t\t<\/div>\n\t\t\t\t<div data-dce-text-color=\"#000000\" class=\"elementor-element elementor-element-e77841a elementor-widget elementor-widget-text-editor\" data-id=\"e77841a\" data-element_type=\"widget\" data-e-type=\"widget\" data-widget_type=\"text-editor.default\">\n\t\t\t\t<div class=\"elementor-widget-container\">\n\t\t\t\t\t\t\t\t\t<p><strong>\u039aeine Notwendigkeit, mehr Zeit zu verschwenden ...<\/strong><br \/><strong> Proceed to <\/strong><\/p>\t\t\t\t\t\t\t\t<\/div>\n\t\t\t\t<\/div>\n\t\t\t\t<div class=\"elementor-element elementor-element-ddb19dd elementor-align-center elementor-widget elementor-widget-button\" data-id=\"ddb19dd\" data-element_type=\"widget\" data-e-type=\"widget\" data-widget_type=\"button.default\">\n\t\t\t\t<div class=\"elementor-widget-container\">\n\t\t\t\t\t\t\t\t\t<div class=\"elementor-button-wrapper\">\n\t\t\t\t\t<a class=\"elementor-button elementor-button-link elementor-size-sm\" href=\"https:\/\/checkout.wheelsys.ms\/10601\/\" target=\"_blank\" rel=\"noopener\">\n\t\t\t\t\t\t<span class=\"elementor-button-content-wrapper\">\n\t\t\t\t\t\t\t\t\t<span class=\"elementor-button-text\">OnLine Check In<\/span>\n\t\t\t\t\t<\/span>\n\t\t\t\t\t<\/a>\n\t\t\t\t<\/div>\n\t\t\t\t\t\t\t\t<\/div>\n\t\t\t\t<\/div>\n\t\t\t\t\t<\/div>\n\t\t<\/div>\n\t\t\t\t<div class=\"elementor-column elementor-col-33 elementor-top-column elementor-element elementor-element-932c86f\" data-id=\"932c86f\" data-element_type=\"column\" data-e-type=\"column\">\n\t\t\t<div class=\"elementor-widget-wrap elementor-element-populated\">\n\t\t\t\t\t\t<div class=\"elementor-element elementor-element-208f4eb dce_masking-none elementor-widget elementor-widget-image\" data-id=\"208f4eb\" data-element_type=\"widget\" data-e-type=\"widget\" data-widget_type=\"image.default\">\n\t\t\t\t<div class=\"elementor-widget-container\">\n\t\t\t\t\t\t\t\t\t\t\t\t\t\t\t<img decoding=\"async\" width=\"800\" height=\"506\" src=\"https:\/\/selectarentacar.com\/wp-content\/uploads\/2022\/03\/N-Nissan-Juke-1024x648.jpg\" class=\"attachment-large size-large wp-image-525\" alt=\"\" srcset=\"https:\/\/selectarentacar.com\/wp-content\/uploads\/2022\/03\/N-Nissan-Juke-1024x648.jpg 1024w, https:\/\/selectarentacar.com\/wp-content\/uploads\/2022\/03\/N-Nissan-Juke-300x190.jpg 300w, https:\/\/selectarentacar.com\/wp-content\/uploads\/2022\/03\/N-Nissan-Juke-768x486.jpg 768w, https:\/\/selectarentacar.com\/wp-content\/uploads\/2022\/03\/N-Nissan-Juke.jpg 1170w\" sizes=\"(max-width: 800px) 100vw, 800px\" \/>\t\t\t\t\t\t\t\t\t\t\t\t\t\t\t<\/div>\n\t\t\t\t<\/div>\n\t\t\t\t\t<\/div>\n\t\t<\/div>\n\t\t\t\t\t<\/div>\n\t\t<\/section>\n\t\t\t\t<\/div>","protected":false},"excerpt":{"rendered":"<p>OnLine Check In Reduce the car pick-up time with the online check-in process. 1.You can pre check in, either for a reservation you made online, or through any of our partners. 2.Fill in your personal details, passport\/identity number and driver&#8217;s license number. 3.You are ready ! The day you picking up the car you will [&hellip;]<\/p>\n","protected":false},"author":1,"featured_media":0,"parent":0,"menu_order":0,"comment_status":"closed","ping_status":"closed","template":"elementor_header_footer","meta":{"footnotes":""},"class_list":["post-832","page","type-page","status-publish","hentry"],"acf":[],"_links":{"self":[{"href":"https:\/\/selectarentacar.com\/de\/wp-json\/wp\/v2\/pages\/832","targetHints":{"allow":["GET"]}}],"collection":[{"href":"https:\/\/selectarentacar.com\/de\/wp-json\/wp\/v2\/pages"}],"about":[{"href":"https:\/\/selectarentacar.com\/de\/wp-json\/wp\/v2\/types\/page"}],"author":[{"embeddable":true,"href":"https:\/\/selectarentacar.com\/de\/wp-json\/wp\/v2\/users\/1"}],"replies":[{"embeddable":true,"href":"https:\/\/selectarentacar.com\/de\/wp-json\/wp\/v2\/comments?post=832"}],"version-history":[{"count":0,"href":"https:\/\/selectarentacar.com\/de\/wp-json\/wp\/v2\/pages\/832\/revisions"}],"wp:attachment":[{"href":"https:\/\/selectarentacar.com\/de\/wp-json\/wp\/v2\/media?parent=832"}],"curies":[{"name":"wp","href":"https:\/\/api.w.org\/{rel}","templated":true}]}}